{"id":209,"date":"2021-01-22T12:26:27","date_gmt":"2021-01-22T12:26:27","guid":{"rendered":"https:\/\/slidesigma.com\/templatemonster\/wp\/grinenrgy\/?page_id=209"},"modified":"2021-04-24T15:37:32","modified_gmt":"2021-04-24T15:37:32","slug":"contact-us","status":"publish","type":"page","link":"https:\/\/kucukmenderesenerji.com.tr\/tr\/contact-us\/","title":{"rendered":"Contact Us"},"content":{"rendered":"<div class=\"vc_row wpb_row vc_row-fluid vc_custom_1611307443400 sigma-bg-color-transparent sigma-background-position-left-top sigma-title-color-default\"><div class=\"wpb_column vc_column_container vc_col-sm-12 sigma-bg-color-transparent sigma-background-position-left-top sigma-title-color-default\"><div class=\"vc_column-inner\"><div class=\"wpb_wrapper\">\r\n        <div                 class=\"sigma_custom_heading_wrapper sigma-custom-heading-1686994363 sigma-shortcode-wrapper custom-heading-style-6 text-center  vc_custom_1611305758850\">\r\n\r\n            <div class=\"section-title sigma-custom-heading-wrapper\">\r\n\t\t\t\t<div class=\"sigma-heading-subtitle-wrapper\">\r\n\t\t\t<p class=\"heading-subtitle\">\r\n\t\t\t\tGET IN TOUCH\t\t\t<\/p>\r\n\t\t<\/div>\r\n\t\t  <div class=\"heading_arrow\">\r\n      <span class=\"dots_div\"><\/span>\r\n      <span class=\"s\"><\/span>\r\n      <span class=\"dots_div\"><\/span>\r\n  <\/div>\r\n  \t\t<div class=\"sigma-heading-title-wrapper\">\r\n\t\t\t<h2 class=\"heading-title\">\r\n\t\t\t\tContact Us\t\t\t<\/h2>\r\n\t\t<\/div>\r\n\t\t<\/div>\r\n\r\n        <\/div>\r\n\r\n                <div                 class=\"sigma_contact_info_wrapper sigma-contact-info-2078195670 sigma-shortcode-wrapper contact-info-style-1\">\r\n            <div class=\"contact_wp box_wp\">\r\n  \t<div class=\"row\">\r\n      \t<div class=\"col-md-4\">\r\n          \t<div class=\"contact_info secondary-bg\">\r\n                            \t<div class=\"box_heading\">\r\n                  \t<h4>Contact Now<\/h4>\r\n\r\n                      <div class=\"heading_arrow\">\r\n                      \t<span class=\"dots_div\"><\/span>\r\n                          <span class=\"s\"><\/span>\r\n                          <span class=\"dots_div\"><\/span>\r\n                      <\/div>\r\n                  <\/div>\r\n                                              <ul>\r\n                                          <li>\r\n                        \t<h6>Location Address<\/h6>\r\n                            <p>Kizilirmak Mahallesi, Dumlupinar Bulvari, No: 3, A \/ 77, 06520, Cankaya, Ankara<\/p>\r\n                        <\/li>\r\n                                          <li>\r\n                        \t<h6>Phone Number<\/h6>\r\n                            <p>+90 312 285 40 30<\/p>\r\n                        <\/li>\r\n                                          <li>\r\n                        \t<h6>E-Posta Adresiniz<\/h6>\r\n                            <p>info@kucukmenderesenerji.com.tr<\/p>\r\n                        <\/li>\r\n                                          <li>\r\n                        \t<h6>Web Address<\/h6>\r\n                            <p>www.kucukmenderesenerji.com.tr<\/p>\r\n                        <\/li>\r\n                                      <\/ul>\r\n                                                  <div class=\"direction_btn\">\r\n                  \t<a href=\"#\">get directions <i class=\"fa fa-long-arrow-right\"><\/i><\/a>\r\n                  <\/div>\r\n                              <\/div>\r\n          <\/div>\r\n          <div class=\"col-md-8\">\r\n          \t<div class=\"form_wrap\">\r\n                                    \t<div class=\"box_heading\">\r\n                      \t<h4>Sorular\u0131n\u0131z m\u0131 var? Bize ula\u015f\u0131n.<\/h4>\r\n                          <div class=\"heading_arrow\">\r\n                      \t<span class=\"dots_div\"><\/span>\r\n                          <span class=\"s\"><\/span>\r\n                          <span class=\"dots_div\"><\/span>\r\n                      <\/div>\r\n                  <\/div>\r\n                                \n<div class=\"wpcf7 no-js\" id=\"wpcf7-f288-o1\" lang=\"en-US\" dir=\"ltr\" data-wpcf7-id=\"288\">\n<div class=\"screen-reader-response\"><p role=\"status\" aria-live=\"polite\" aria-atomic=\"true\"><\/p> <ul><\/ul><\/div>\n<form action=\"\/tr\/wp-json\/wp\/v2\/pages\/209#wpcf7-f288-o1\" method=\"post\" class=\"wpcf7-form init\" aria-label=\"Contact form\" novalidate=\"novalidate\" data-status=\"init\" data-trp-original-action=\"\/tr\/wp-json\/wp\/v2\/pages\/209#wpcf7-f288-o1\">\n<fieldset class=\"hidden-fields-container\"><input type=\"hidden\" name=\"_wpcf7\" value=\"288\" \/><input type=\"hidden\" name=\"_wpcf7_version\" value=\"6.1.5\" \/><input type=\"hidden\" name=\"_wpcf7_locale\" value=\"en_US\" \/><input type=\"hidden\" name=\"_wpcf7_unit_tag\" value=\"wpcf7-f288-o1\" \/><input type=\"hidden\" name=\"_wpcf7_container_post\" value=\"0\" \/><input type=\"hidden\" name=\"_wpcf7_posted_data_hash\" value=\"\" \/>\n<\/fieldset>\n<div class=\"row\">\n\t<div class=\"col-md-6\">\n\t\t<div class=\"form-group\">\n\t\t\t<p><span class=\"wpcf7-form-control-wrap\" data-name=\"first-name\"><input size=\"40\" maxlength=\"400\" class=\"wpcf7-form-control wpcf7-text wpcf7-validates-as-required form-control\" aria-required=\"true\" aria-invalid=\"false\" placeholder=\"Ad\u0131n\u0131z\" value=\"\" type=\"text\" name=\"first-name\" \/><\/span>\n\t\t\t<\/p>\n\t\t<\/div>\n\t<\/div>\n\t<div class=\"col-md-6\">\n\t\t<div class=\"form-group\">\n\t\t\t<p><span class=\"wpcf7-form-control-wrap\" data-name=\"last-name\"><input size=\"40\" maxlength=\"400\" class=\"wpcf7-form-control wpcf7-text wpcf7-validates-as-required form-control\" aria-required=\"true\" aria-invalid=\"false\" placeholder=\"Soy Ad\u0131n\u0131z\" value=\"\" type=\"text\" name=\"last-name\" \/><\/span>\n\t\t\t<\/p>\n\t\t<\/div>\n\t<\/div>\n<\/div>\n<div class=\"row\">\n\t<div class=\"col-md-6\">\n\t\t<div class=\"form-group\">\n\t\t\t<p><span class=\"wpcf7-form-control-wrap\" data-name=\"email-768\"><input size=\"40\" maxlength=\"400\" class=\"wpcf7-form-control wpcf7-email wpcf7-validates-as-required wpcf7-text wpcf7-validates-as-email form-control\" aria-required=\"true\" aria-invalid=\"false\" placeholder=\"E-Posta Adresiniz\" value=\"\" type=\"email\" name=\"email-768\" \/><\/span>\n\t\t\t<\/p>\n\t\t<\/div>\n\t<\/div>\n\t<div class=\"col-md-6\">\n\t\t<div class=\"form-group\">\n\t\t\t<p><span class=\"wpcf7-form-control-wrap\" data-name=\"subject\"><input size=\"40\" maxlength=\"400\" class=\"wpcf7-form-control wpcf7-text wpcf7-validates-as-required form-control\" aria-required=\"true\" aria-invalid=\"false\" placeholder=\"Konu\" value=\"\" type=\"text\" name=\"subject\" \/><\/span>\n\t\t\t<\/p>\n\t\t<\/div>\n\t<\/div>\n<\/div>\n<div class=\"form-group\">\n\t<p><span class=\"wpcf7-form-control-wrap\" data-name=\"textarea-706\"><textarea cols=\"40\" rows=\"10\" maxlength=\"2000\" class=\"wpcf7-form-control wpcf7-textarea wpcf7-validates-as-required form-control\" aria-required=\"true\" aria-invalid=\"false\" placeholder=\"Bize iletmek istedikleriniz.\" name=\"textarea-706\"><\/textarea><\/span>\n\t<\/p>\n<\/div>\n<div class=\"text-center\">\n\t<div class=\"sigma_btn-custom\">\n\t\t<p><input class=\"wpcf7-form-control wpcf7-submit has-spinner btn\" type=\"submit\" value=\"Mesaj\u0131m\u0131 G\u00f6nder!\" \/>\n\t\t<\/p>\n\t<\/div>\n<\/div><div class=\"wpcf7-response-output\" aria-hidden=\"true\"><\/div>\n<input type=\"hidden\" name=\"trp-form-language\" value=\"tr\"\/><\/form>\n<\/div>\n              <\/div>\r\n          <\/div>\r\n      <\/div>\r\n  <\/div>\r\n        <\/div>\r\n        <\/div><\/div><\/div><\/div><div data-vc-full-width=\"true\" data-vc-full-width-init=\"false\" data-vc-stretch-content=\"true\" class=\"vc_row wpb_row vc_row-fluid overflow-visible sigma-bg-color-transparent sigma-background-position-left-top sigma-title-color-default vc_row-no-padding\"><div class=\"z-index_1 wpb_column vc_column_container vc_col-sm-12 sigma-bg-color-transparent sigma-background-position-left-top sigma-title-color-default\"><div class=\"vc_column-inner vc_custom_1611307472865\"><div class=\"wpb_wrapper\"><div class=\"wpb_gmaps_widget wpb_content_element\"><div class=\"wpb_wrapper\"><div class=\"wpb_map_wraper\"><iframe src=\"https:\/\/www.google.com\/maps\/embed?pb=!1m18!1m12!1m3!1d3060.3450916760944!2d32.810101151162414!3d39.91129287932609!2m3!1f0!2f0!3f0!3m2!1i1024!2i768!4f13.1!3m3!1m2!1s0x14d34fa6dee176e5%3A0x9e1717a140b27746!2zS8Ocw4fDnEsgTUVOREVSRVMgRU5FUkrEsCBQRVRST0wgSkVPVEVSTUFMIE1BREVOIEVMRUtUUsSwSyDDnFJFVMSwTSBNw5xIRU5ExLBTTMSwSyBWRSDEsE7FnkFBVCBBTk9OxLBNIMWexLBSS0VUxLA!5e0!3m2!1sen!2str!4v1618176279428!5m2!1sen!2str\" width=\"600\" height=\"450\" style=\"border:0;\" allowfullscreen=\"\" loading=\"lazy\"><\/iframe><\/div><\/div><\/div><\/div><\/div><\/div><\/div><div class=\"vc_row-full-width vc_clearfix\"><\/div>","protected":false},"excerpt":{"rendered":"GET IN TOUCH Contact Us Contact Now Location Address Kizilirmak Mahallesi, Dumlupinar Bulvari, No: 3, A \/ 77, 06520, Cankaya, Ankara Phone Number +90 312 285 40 30 Email Address info@kucukmenderesenerji.com.tr Web Address www.kucukmenderesenerji.com.tr get directions Get In Touch","protected":false},"author":1,"featured_media":0,"parent":0,"menu_order":0,"comment_status":"closed","ping_status":"closed","template":"","meta":{"footnotes":""},"class_list":["post-209","page","type-page","status-publish","hentry"],"_links":{"self":[{"href":"https:\/\/kucukmenderesenerji.com.tr\/tr\/wp-json\/wp\/v2\/pages\/209","targetHints":{"allow":["GET"]}}],"collection":[{"href":"https:\/\/kucukmenderesenerji.com.tr\/tr\/wp-json\/wp\/v2\/pages"}],"about":[{"href":"https:\/\/kucukmenderesenerji.com.tr\/tr\/wp-json\/wp\/v2\/types\/page"}],"author":[{"embeddable":true,"href":"https:\/\/kucukmenderesenerji.com.tr\/tr\/wp-json\/wp\/v2\/users\/1"}],"replies":[{"embeddable":true,"href":"https:\/\/kucukmenderesenerji.com.tr\/tr\/wp-json\/wp\/v2\/comments?post=209"}],"version-history":[{"count":2,"href":"https:\/\/kucukmenderesenerji.com.tr\/tr\/wp-json\/wp\/v2\/pages\/209\/revisions"}],"predecessor-version":[{"id":843,"href":"https:\/\/kucukmenderesenerji.com.tr\/tr\/wp-json\/wp\/v2\/pages\/209\/revisions\/843"}],"wp:attachment":[{"href":"https:\/\/kucukmenderesenerji.com.tr\/tr\/wp-json\/wp\/v2\/media?parent=209"}],"curies":[{"name":"wp","href":"https:\/\/api.w.org\/{rel}","templated":true}]}}