{"id":653,"date":"2021-04-23T19:12:18","date_gmt":"2021-04-23T19:12:18","guid":{"rendered":"https:\/\/kucukmenderesenerji.com.tr\/?page_id=653"},"modified":"2021-04-23T20:58:10","modified_gmt":"2021-04-23T20:58:10","slug":"about-our-company","status":"publish","type":"page","link":"https:\/\/kucukmenderesenerji.com.tr\/tr\/about-our-company\/","title":{"rendered":"Firmam\u0131z"},"content":{"rendered":"<div class=\"vc_row wpb_row vc_row-fluid vc_custom_1611828774023 vc_column-gap-15 sigma-bg-color-transparent sigma-background-position-left-top sigma-title-color-default\"><div class=\"wpb_column vc_column_container vc_col-sm-6 sigma-bg-color-transparent sigma-background-position-left-top sigma-title-color-default\"><div class=\"vc_column-inner\"><div class=\"wpb_wrapper\">        <div                 class=\"sigma_custom_image_wrapper sigma-custom-image-1417167657 sigma-shortcode-wrapper sigma-custom-image-style-3 sigma-small-image-left-alignment\">\r\n            <div class=\"sigma_about style-4\">\r\n  <div class=\"sigma_about-image-1\">\r\n      <img decoding=\"async\" src=\"https:\/\/kucukmenderesenerji.com.tr\/wp-content\/uploads\/2021\/04\/Untitled-1.jpg\" alt=\"img\">\r\n  <\/div>\r\n  <\/div>\r\n        <\/div>\r\n        <\/div><\/div><\/div><div class=\"wpb_column vc_column_container vc_col-sm-6 sigma-bg-color-transparent sigma-background-position-left-top sigma-title-color-default\"><div class=\"vc_column-inner\"><div class=\"wpb_wrapper\">\r\n        <div                 class=\"sigma_custom_heading_wrapper sigma-custom-heading-1397638098 sigma-shortcode-wrapper custom-heading-style-5 text-left\">\r\n\r\n            <div class=\"section-title sigma-custom-heading-wrapper\">\r\n\t\t\t\t<div class=\"sigma-heading-subtitle-wrapper\">\r\n\t\t\t<p class=\"heading-subtitle\">\r\n\t\t\t\tFirmam\u0131z\t\t\t<\/p>\r\n\t\t<\/div>\r\n\t\t\t\t<div class=\"sigma-heading-title-wrapper\">\r\n\t\t\t<h2 class=\"heading-title\">\r\n\t\t\t\tKucuk Menderes Enerji A.S.\t\t\t<\/h2>\r\n\t\t<\/div>\r\n\t\t<\/div>\r\n\r\n        <\/div>\r\n\r\n        \n\t<div class=\"wpb_text_column wpb_content_element\" >\n\t\t<div class=\"wpb_wrapper\">\n\t\t\t<div class=\"wpb_text_column wpb_content_element\">\n<div class=\"wpb_wrapper\">\n<p>Kurumsal ve aile d\u00fc\u015f\u00fcncemiz; d\u00fcnya sand\u0131\u011f\u0131m\u0131z kadar b\u00fcy\u00fck de\u011fil ve bu nedenle d\u00fcnya de\u011ferlerini korumak ve gelecek nesillere aktar\u0131lmas\u0131na yard\u0131mc\u0131 olmakt\u0131r.<\/p>\n<p>Bu anlamda ailelerimizin ve d\u00fcnyan\u0131n gelece\u011fi i\u00e7in yenilenebilir enerjinin \u015fart oldu\u011funu biliyor ve \u015firketimizi bu vizyonla tasarl\u0131yoruz.<\/p>\n<p>K\u00fc\u00e7\u00fck Menderes Enerji A.\u015e.'nin ana faaliyet konusu Jeotermal Elektrik Enerjisi \u00fcretimidir. Jeotermal \u00fcnitemize ek olarak g\u00fcne\u015f enerjisi ve r\u00fczgar enerjisi \u00fcnitelerini de destek sistemi olarak tasarl\u0131yoruz.<\/p>\n<p>K\u00fc\u00e7\u00fck Menderes Enerji A.\u015e. Yenilik\u00e7i konusunda uzman ekip \u00fcyelerini b\u00fcnyesinde bulundurur ve bununla beraber her t\u00fcrl\u00fc sivil toplum ve kamu kurulu\u015flar\u0131 ilede s\u00fcrekli bilgi al\u0131\u015fveri\u015fi yaparak, daha iyi bir vizyon ve \u015firket gelece\u011fi i\u00e7in kendisini y\u00f6nlendirir.<\/p>\n<p>Enerji konusundaki yeteneklerimiz ve \"yenilenebilir enerji ile daha iyi bir gelecek\" haz\u0131rlanmas\u0131na katk\u0131da bulunmak i\u00e7in Ocak 2021'de Jeotermal Elektrik Enerjisi \u00fcretim plan\u0131m\u0131za ba\u015flad\u0131k.<\/p>\n<\/div>\n<\/div>\n\n\t\t<\/div>\n\t<\/div>\n<\/div><\/div><\/div><\/div><div data-vc-full-width=\"true\" data-vc-full-width-init=\"false\" class=\"vc_row wpb_row vc_row-fluid vc_custom_1612871588552 vc_row-has-fill sigma-bg-color-transparent sigma-background-position-center-top sigma-title-color-default\"><div class=\"wpb_column vc_column_container vc_col-sm-12 sigma-bg-color-transparent sigma-background-position-left-top sigma-title-color-default\"><div class=\"vc_column-inner\"><div class=\"wpb_wrapper\">\r\n        <div                 class=\"sigma_custom_heading_wrapper sigma-custom-heading-1561976508 sigma-shortcode-wrapper custom-heading-style-6 text-center\">\r\n\r\n            <div class=\"section-title sigma-custom-heading-wrapper\">\r\n\t\t\t\t<div class=\"sigma-heading-subtitle-wrapper\">\r\n\t\t\t<p class=\"heading-subtitle\">\r\n\t\t\t\tRakamlar\t\t\t<\/p>\r\n\t\t<\/div>\r\n\t\t  <div class=\"heading_arrow\">\r\n      <span class=\"dots_div\"><\/span>\r\n      <span class=\"s\"><\/span>\r\n      <span class=\"dots_div\"><\/span>\r\n  <\/div>\r\n  \t\t<div class=\"sigma-heading-title-wrapper\">\r\n\t\t\t<h2 class=\"heading-title\">\r\n\t\t\t\tKucuk Menderes Enerji A.S. <br \/> in Numbers\t\t\t<\/h2>\r\n\t\t<\/div>\r\n\t\t<\/div>\r\n\r\n        <\/div>\r\n\r\n        <div class=\"vc_row wpb_row vc_inner vc_row-fluid sigma-bg-color-transparent sigma-background-position-left-top sigma-title-color-default\"><div class=\"wpb_column vc_column_container vc_col-sm-4 sigma-bg-color-transparent sigma-background-position-left-top sigma-title-color-default\"><div class=\"vc_column-inner\"><div class=\"wpb_wrapper\">\t\t<div  class=\"sigma_counter_wrapper sigma-counter-1453460055 sigma-shortcode-wrapper icon-type-image counter-style-5 counter-light-layout counter-text-center\">\r\n\t\t\t<div class=\"counter-box counter-box-two light-layout\">\r\n\t\t\t\t\t\t<div class=\"icon\">\r\n\t\t\t\t\t\t\t\t\t\t<img decoding=\"async\" src=\"https:\/\/kucukmenderesenerji.com.tr\/wp-content\/uploads\/2021\/04\/about-geothermal-150x150.png\" alt=\"Icon\">\r\n\t\t\t\t\t\t\t\t\t\t<\/div>\r\n\t\t\t\t\t\t<h4><span class=\"counter\">35<\/span>\r\n    <\/h4>\r\n\t\t\t\t\t<span class=\"title\">MWe Jeotermal<\/span>\r\n\t\t<\/div>\r\n\t\t<\/div>\r\n\t\t<\/div><\/div><\/div><div class=\"wpb_column vc_column_container vc_col-sm-4 sigma-bg-color-transparent sigma-background-position-left-top sigma-title-color-default\"><div class=\"vc_column-inner\"><div class=\"wpb_wrapper\">\t\t<div  class=\"sigma_counter_wrapper sigma-counter-1646478233 sigma-shortcode-wrapper icon-type-image counter-style-5 counter-light-layout counter-text-center\">\r\n\t\t\t<div class=\"counter-box counter-box-two light-layout\">\r\n\t\t\t\t\t\t<div class=\"icon\">\r\n\t\t\t\t\t\t\t\t\t\t<img decoding=\"async\" src=\"https:\/\/kucukmenderesenerji.com.tr\/wp-content\/uploads\/2021\/04\/about-solar-150x150.png\" alt=\"Icon\">\r\n\t\t\t\t\t\t\t\t\t\t<\/div>\r\n\t\t\t\t\t\t<h4><span class=\"counter\">2<\/span>\r\n    <\/h4>\r\n\t\t\t\t\t<span class=\"title\">MWe G\u00fcne\u015f<\/span>\r\n\t\t<\/div>\r\n\t\t<\/div>\r\n\t\t<\/div><\/div><\/div><div class=\"wpb_column vc_column_container vc_col-sm-4 sigma-bg-color-transparent sigma-background-position-left-top sigma-title-color-default\"><div class=\"vc_column-inner\"><div class=\"wpb_wrapper\">\t\t<div  class=\"sigma_counter_wrapper sigma-counter-2020058836 sigma-shortcode-wrapper icon-type-image counter-style-5 counter-light-layout counter-text-center\">\r\n\t\t\t<div class=\"counter-box counter-box-two light-layout\">\r\n\t\t\t\t\t\t<div class=\"icon\">\r\n\t\t\t\t\t\t\t\t\t\t<img decoding=\"async\" src=\"https:\/\/kucukmenderesenerji.com.tr\/wp-content\/uploads\/2021\/04\/about-wind-150x150.png\" alt=\"Icon\">\r\n\t\t\t\t\t\t\t\t\t\t<\/div>\r\n\t\t\t\t\t\t<h4><span class=\"counter\">3.6<\/span>\r\n    <\/h4>\r\n\t\t\t\t\t<span class=\"title\">MWe R\u00fczgar<\/span>\r\n\t\t<\/div>\r\n\t\t<\/div>\r\n\t\t<\/div><\/div><\/div><\/div><\/div><\/div><\/div><\/div><div class=\"vc_row-full-width vc_clearfix\"><\/div><div class=\"vc_row wpb_row vc_row-fluid vc_custom_1611310534569 sigma-bg-color-transparent sigma-background-position-left-top sigma-title-color-default\"><div class=\"wpb_column vc_column_container vc_col-sm-6 sigma-bg-color-transparent sigma-background-position-left-top sigma-title-color-default\"><div class=\"vc_column-inner\"><div class=\"wpb_wrapper\">\r\n        <div                 class=\"sigma_custom_heading_wrapper sigma-custom-heading-1268162201 sigma-shortcode-wrapper custom-heading-style-5 text-left\">\r\n\r\n            <div class=\"section-title sigma-custom-heading-wrapper\">\r\n\t\t\t\t<div class=\"sigma-heading-subtitle-wrapper\">\r\n\t\t\t<p class=\"heading-subtitle\">\r\n\t\t\t\tDo\u011fa'ya D\u00f6n\u00fcn: Jeotermal, G\u00fcne\u015f ve R\u00fczgar'dan g\u00fc\u00e7 al\u0131n!\t\t\t<\/p>\r\n\t\t<\/div>\r\n\t\t\t\t<div class=\"sigma-heading-title-wrapper\">\r\n\t\t\t<h3 class=\"heading-title\">\r\n\t\t\t\tEkoloji d\u00fcnya i\u00e7in en iyi<br \/>\nYat\u0131r\u0131md\u0131r\t\t\t<\/h3>\r\n\t\t<\/div>\r\n\t\t<\/div>\r\n\r\n        <\/div>\r\n\r\n        \n\t<div class=\"wpb_text_column wpb_content_element\" >\n\t\t<div class=\"wpb_wrapper\">\n\t\t\t<p style=\"font-size: 14px;\">\u0130klim de\u011fi\u015fikli\u011fi konusu endi\u015feler ya\u015fada\u011f\u0131m\u0131z ve \u00f6nlem almazsak ya\u015famaya devam edece\u011fimiz ve k\u00f6t\u00fc sonu\u00e7lar\u0131 ile y\u00fczy\u00fcze olaca\u011f\u0131m\u0131z en \u00f6nemli konulardand\u0131r. Evlerimiz veya i\u015fletmelerimiz i\u00e7in elektrik \u00fcretirken fosil yak\u0131tlar\u0131n ( k\u00f6m\u00fcr, petrrol, do\u011fal gaz v.b. ) yak\u0131lmas\u0131na dayanmayan, Ye\u015fil Enerji \u00fcretimi g\u00fcn ge\u00e7tik\u00e7e  \u00f6nem kazan\u0131yor. Jeotermal, r\u00fczgar ve g\u00fcne\u015f yenilenebilir enerji kaynaklar\u0131n\u0131n ba\u015f\u0131nda gelmektedir.<\/p>\n\n\t\t<\/div>\n\t<\/div>\n<div class=\"vc_btn3-container vc_btn3-inline\" ><a class=\"vc_general vc_btn3 vc_btn3-size-md vc_btn3-shape-square vc_btn3-style-classic vc_btn3-color-primary\" href=\"#\" title=\"\">DAHA FAZLA B\u0130LG\u0130<\/a><\/div><\/div><\/div><\/div><div class=\"wpb_column vc_column_container vc_col-sm-6 sigma-bg-color-transparent sigma-background-position-left-top sigma-title-color-default\"><div class=\"vc_column-inner\"><div class=\"wpb_wrapper\">\n\t<div  class=\"wpb_single_image wpb_content_element vc_align_left\">\n\t\t\n\t\t<figure class=\"wpb_wrapper vc_figure\">\n\t\t\t<div class=\"vc_single_image-wrapper   vc_box_border_grey\"><img loading=\"lazy\" decoding=\"async\" width=\"560\" height=\"530\" src=\"https:\/\/kucukmenderesenerji.com.tr\/wp-content\/uploads\/2021\/04\/about-hand.jpg\" class=\"vc_single_image-img attachment-full\" alt=\"\" srcset=\"https:\/\/kucukmenderesenerji.com.tr\/wp-content\/uploads\/2021\/04\/about-hand.jpg 560w, https:\/\/kucukmenderesenerji.com.tr\/wp-content\/uploads\/2021\/04\/about-hand-300x284.jpg 300w\" sizes=\"auto, (max-width: 560px) 100vw, 560px\" \/><\/div>\n\t\t<\/figure>\n\t<\/div>\n<\/div><\/div><\/div><\/div><div class=\"vc_row wpb_row vc_row-fluid vc_custom_1611310703992 sigma-bg-color-transparent sigma-background-position-left-top sigma-title-color-default\"><div class=\"wpb_column vc_column_container vc_col-sm-6 sigma-bg-color-transparent sigma-background-position-left-top sigma-title-color-default\"><div class=\"vc_column-inner\"><div class=\"wpb_wrapper\">\n\t<div  class=\"wpb_single_image wpb_content_element vc_align_left\">\n\t\t\n\t\t<figure class=\"wpb_wrapper vc_figure\">\n\t\t\t<div class=\"vc_single_image-wrapper   vc_box_border_grey\"><img loading=\"lazy\" decoding=\"async\" width=\"560\" height=\"530\" src=\"https:\/\/kucukmenderesenerji.com.tr\/wp-content\/uploads\/2021\/04\/about-geot.jpg\" class=\"vc_single_image-img attachment-full\" alt=\"\" srcset=\"https:\/\/kucukmenderesenerji.com.tr\/wp-content\/uploads\/2021\/04\/about-geot.jpg 560w, https:\/\/kucukmenderesenerji.com.tr\/wp-content\/uploads\/2021\/04\/about-geot-300x284.jpg 300w\" sizes=\"auto, (max-width: 560px) 100vw, 560px\" \/><\/div>\n\t\t<\/figure>\n\t<\/div>\n<\/div><\/div><\/div><div class=\"wpb_column vc_column_container vc_col-sm-6 sigma-bg-color-transparent sigma-background-position-left-top sigma-title-color-default\"><div class=\"vc_column-inner\"><div class=\"wpb_wrapper\">\r\n        <div                 class=\"sigma_custom_heading_wrapper sigma-custom-heading-473618498 sigma-shortcode-wrapper custom-heading-style-5 text-left\">\r\n\r\n            <div class=\"section-title sigma-custom-heading-wrapper\">\r\n\t\t\t\t<div class=\"sigma-heading-subtitle-wrapper\">\r\n\t\t\t<p class=\"heading-subtitle\">\r\n\t\t\t\tYenilenebilir Enerji\t\t\t<\/p>\r\n\t\t<\/div>\r\n\t\t\t\t<div class=\"sigma-heading-title-wrapper\">\r\n\t\t\t<h3 class=\"heading-title\">\r\n\t\t\t\tJEOTERMAL ENERJ\u0130 KULLANIMININ FAYDALARI\t\t\t<\/h3>\r\n\t\t<\/div>\r\n\t\t<\/div>\r\n\r\n        <\/div>\r\n\r\n        \n\t<div class=\"wpb_text_column wpb_content_element\" >\n\t\t<div class=\"wpb_wrapper\">\n\t\t\t<ul>\n<li>\u0130lk olarak\u00a0<strong>temiz enerjidir.<\/strong>K\u00f6m\u00fcr, do\u011fal gaz veya petrol gibi bir fosil yak\u0131t\u0131 kullanmadan enerji elde edilebilir. Jeotermal santrsaller K\u00f6m\u00fcr, do\u011fal gaz veya petrol yak\u0131tl\u0131 elektrik santrallerinin \u00fcretti\u011fi karbon dioksit, nitr\u00f6z oksit veya k\u00fck\u00fcrt i\u00e7eren gazlar\u0131n neredeyse hi\u00e7 \u00fcretmez. Kapal\u0131 devre \u00e7al\u0131\u015fan, Binary sistem diye adland\u0131r\u0131lan ikili sistem \u00e7al\u0131\u015fan jeotermal santraller ise hi\u00e7bir emisyon salmaz ve \u00e7evreye kar\u015f\u0131 hi\u00e7 bir kirlilik yapmaz. Bu santraller s\u0131f\u0131r at\u0131k prensibi ile \u00e7al\u0131\u015f\u0131r.<\/li>\n<li>Jeotermal Enerji\u00a0<strong>24 saat 7 g\u00fcn<\/strong>, y\u0131lda 365 g\u00fcn mevcuttur. Jeotermal enerji santralleri, k\u00f6m\u00fcr santrallerine g\u00f6re daha fazla verimlili\u011fe sahiptir.<\/li>\n<li>Jeotermal enerji\u00a0<strong>milllidir<\/strong>, d\u0131\u015f kaynakl\u0131 do\u011fal gaz ve petrole olan ba\u011f\u0131ml\u0131l\u0131\u011f\u0131m\u0131z\u0131 azalt\u0131r.<\/li>\n<\/ul>\n\n\t\t<\/div>\n\t<\/div>\n<\/div><\/div><\/div><\/div><div class=\"vc_row wpb_row vc_row-fluid vc_custom_1611308345041 sigma-bg-color-transparent sigma-background-position-left-top sigma-title-color-default\"><div class=\"wpb_column vc_column_container vc_col-sm-4 sigma-bg-color-transparent sigma-background-position-left-top sigma-title-color-default\"><div class=\"vc_column-inner\"><div class=\"wpb_wrapper\">\t\t<div  class=\"sigma_infobox_wrapper sigma-infobox-386410635 sigma-shortcode-wrapper icon-type-image infobox-style-6 infobox-left infobox-light\">\r\n\t\t\t<div class=\"cta-section\">\r\n\t<div class=\"cta-inner\">\r\n\t\t<div class=\"cta-features\">\r\n\t\t\t<div class=\"single-feature\"  style=\"background-image: url(https:\/\/kucukmenderesenerji.com.tr\/wp-content\/uploads\/2021\/02\/350x580.jpg);\" >\r\n\t\t\t\t\t\t\t\t\t\t<div class=\"icon\">\r\n\t\t\t\t\t\t\t\t\t\t\t\t\t\t<img decoding=\"async\" src=\"https:\/\/kucukmenderesenerji.com.tr\/wp-content\/uploads\/2021\/04\/browser-150x150.png\" alt=\"Icon\">\r\n\t\t\t\t\t\t\t\t\t\t\t\t\t\t<\/div>\r\n\t\t\t\t\t\t\t\t\t\t<div class=\"cta-desc\">\r\n        \t\t\t\t\t<h4>Jeotermal Enerji Zararl\u0131 m\u0131?<\/h4>\r\n\t\t\t\t                  <p>Yerin derinliklerinden gelen jeotermal enerji, do\u011fal bir kaynak olup kapal\u0131 bir sistem ile enerjisi istenilen bir amaca  g\u00f6re de\u011ferlendirildikten sonra tekrar geldi\u011fi ortama geri g\u00f6nderilen yegane bir kaynakt\u0131r. \u00c7\u0131kar\u0131lan kayna\u011f\u0131n sadece enerjisinden faydalan\u0131lmas\u0131, d\u0131\u015f ortama kat\u0131 ve s\u0131v\u0131 bir at\u0131k b\u0131rakmamas\u0131, bu kayna\u011f\u0131 di\u011ferlerinden ay\u0131rd\u0131\u011f\u0131 gibi \u00e7evreye bir at\u0131k b\u0131rakmamas\u0131 da enerji kaynaklar\u0131 i\u00e7erisinde kendisini en temiz kaynak olarak \u00f6ne \u00e7\u0131karmaktad\u0131r. Gelecekte ya\u015fanabilir bir d\u00fcnya i\u00e7in \u00e7evre dostu uygulamalar\u0131n ve \u00fcr\u00fcnlerin ka\u00e7\u0131n\u0131lmaz olaca\u011f\u0131 d\u00fcnyam\u0131z i\u00e7in enerjideki \u00e7\u00f6z\u00fcm\u00fc ise \u015f\u00fcphesiz jeotermal kaynaklard\u0131r.<\/p>\r\n                            <a href=\"#\" class=\"round-btn\"><i class=\"fa fa-angle-double-right\"><\/i><\/a>\r\n          \t\t\t\t<\/div>\r\n\t\t\t<\/div>\r\n\t\t<\/div>\r\n\t<\/div>\r\n<\/div>\r\n\t\t<\/div>\r\n\t\t<\/div><\/div><\/div><div class=\"wpb_column vc_column_container vc_col-sm-4 sigma-bg-color-transparent sigma-background-position-left-top sigma-title-color-default\"><div class=\"vc_column-inner\"><div class=\"wpb_wrapper\">\t\t<div  class=\"sigma_infobox_wrapper sigma-infobox-719137087 sigma-shortcode-wrapper icon-type-image infobox-style-6 infobox-left infobox-light\">\r\n\t\t\t<div class=\"cta-section\">\r\n\t<div class=\"cta-inner\">\r\n\t\t<div class=\"cta-features\">\r\n\t\t\t<div class=\"single-feature\"  style=\"background-image: url(https:\/\/kucukmenderesenerji.com.tr\/wp-content\/uploads\/2021\/02\/350x580.jpg);\" >\r\n\t\t\t\t\t\t\t\t\t\t<div class=\"icon\">\r\n\t\t\t\t\t\t\t\t\t\t\t\t\t\t<img decoding=\"async\" src=\"https:\/\/kucukmenderesenerji.com.tr\/wp-content\/uploads\/2021\/04\/winds-150x150.png\" alt=\"Icon\">\r\n\t\t\t\t\t\t\t\t\t\t\t\t\t\t<\/div>\r\n\t\t\t\t\t\t\t\t\t\t<div class=\"cta-desc\">\r\n        \t\t\t\t\t<h4>Jeotermal kaynaklardan elektrik enerjisi \u00fcretmek kirlili\u011fe neden olur mu?<\/h4>\r\n\t\t\t\t                  <p>Elektirik \u00fcretiminden konut \u0131s\u0131tmaya, sera \u0131s\u0131tmadan, meyve ve senze kurutmac\u0131l\u0131\u011f\u0131na, sa\u011fl\u0131k ve termal turizm'den, jeotermal madencili\u011fe, bal\u0131k\u00e7\u0131l\u0131ktan, end\u00fcstriyel uygulamalara bug\u00fcne kadar bilinen onbe\u015fin \u00fczerinde farkl\u0131 kullan\u0131m alan\u0131na uygundur. Do\u011frudan kullan\u0131mdan, entegre kullan\u0131ma kadar geni\u015f bir yelpazede fayda sa\u011flamaktd\u0131r. Bunlar\u0131n yan\u0131s\u0131ra elektirik \u00fcretiminden hibrit kullan\u0131mda r\u00fczgar ve g\u00fcne\u015f gibi dalgal\u0131 \u00fcretimlerle iyi bir entegrasyon sa\u011flamas\u0131, yenilenebilir enerjiler i\u00e7erisinde \u015febeke dostu olarak \u00f6ne \u00e7\u0131kmaktad\u0131r.<\/p>\r\n                            <a href=\"#\" class=\"round-btn\"><i class=\"fa fa-angle-double-right\"><\/i><\/a>\r\n          \t\t\t\t<\/div>\r\n\t\t\t<\/div>\r\n\t\t<\/div>\r\n\t<\/div>\r\n<\/div>\r\n\t\t<\/div>\r\n\t\t<\/div><\/div><\/div><div class=\"wpb_column vc_column_container vc_col-sm-4 sigma-bg-color-transparent sigma-background-position-left-top sigma-title-color-default\"><div class=\"vc_column-inner\"><div class=\"wpb_wrapper\">\t\t<div  class=\"sigma_infobox_wrapper sigma-infobox-243971823 sigma-shortcode-wrapper icon-type-image infobox-style-6 infobox-left infobox-light\">\r\n\t\t\t<div class=\"cta-section\">\r\n\t<div class=\"cta-inner\">\r\n\t\t<div class=\"cta-features\">\r\n\t\t\t<div class=\"single-feature\"  style=\"background-image: url(https:\/\/kucukmenderesenerji.com.tr\/wp-content\/uploads\/2021\/02\/350x580.jpg);\" >\r\n\t\t\t\t\t\t\t\t\t\t<div class=\"icon\">\r\n\t\t\t\t\t\t\t\t\t\t\t\t\t\t<img decoding=\"async\" src=\"https:\/\/kucukmenderesenerji.com.tr\/wp-content\/uploads\/2021\/04\/suns-150x150.png\" alt=\"Icon\">\r\n\t\t\t\t\t\t\t\t\t\t\t\t\t\t<\/div>\r\n\t\t\t\t\t\t\t\t\t\t<div class=\"cta-desc\">\r\n        \t\t\t\t\t<h4>Jeotermal enerji t\u00fckenebilir mi? Biter mi?<\/h4>\r\n\t\t\t\t                  <p>\u00dclkemizin her kar\u0131\u015f topra\u011f\u0131nda aya\u011f\u0131m\u0131z\u0131 bast\u0131\u011f\u0131m\u0131z her noktada \u00fclkemiz t\u00fcm enerji ihtiyac\u0131n\u0131 kat ve kat kar\u015f\u0131layacak bir kaynak olarak \u00f6ne \u00e7\u0131kar jeotermal enerji. 7 g\u00fcn 24 saat mevsimsel ve hava ko\u015fullar\u0131n\u0131n etki etmedi\u011fi bu enerji, \u00e7\u0131kar\u0131lan kayna\u011f\u0131n geldi\u011fi ortama kapal\u0131 bir \u00e7evrimde aktar\u0131larak yerin alt\u0131ndaki sonsuz enerjiden faydaland\u0131r\u0131lmas\u0131 ile s\u00fcrd\u00fcr\u00fclebilir bir hal almaktad\u0131r.<\/p>\r\n                            <a href=\"#\" class=\"round-btn\"><i class=\"fa fa-angle-double-right\"><\/i><\/a>\r\n          \t\t\t\t<\/div>\r\n\t\t\t<\/div>\r\n\t\t<\/div>\r\n\t<\/div>\r\n<\/div>\r\n\t\t<\/div>\r\n\t\t<\/div><\/div><\/div><\/div>","protected":false},"excerpt":{"rendered":"About Our Company Kucuk Menderes Enerji A.S. Our corporate as well as family philosophy is the world is not big as you think. Preserve world values and help them to be passed to next generations. In this meaning, we do know that renewable energy is a must for our future and we are designing our [...]","protected":false},"author":1,"featured_media":0,"parent":0,"menu_order":0,"comment_status":"closed","ping_status":"closed","template":"","meta":{"footnotes":""},"class_list":["post-653","page","type-page","status-publish","hentry"],"_links":{"self":[{"href":"https:\/\/kucukmenderesenerji.com.tr\/tr\/wp-json\/wp\/v2\/pages\/653","targetHints":{"allow":["GET"]}}],"collection":[{"href":"https:\/\/kucukmenderesenerji.com.tr\/tr\/wp-json\/wp\/v2\/pages"}],"about":[{"href":"https:\/\/kucukmenderesenerji.com.tr\/tr\/wp-json\/wp\/v2\/types\/page"}],"author":[{"embeddable":true,"href":"https:\/\/kucukmenderesenerji.com.tr\/tr\/wp-json\/wp\/v2\/users\/1"}],"replies":[{"embeddable":true,"href":"https:\/\/kucukmenderesenerji.com.tr\/tr\/wp-json\/wp\/v2\/comments?post=653"}],"version-history":[{"count":25,"href":"https:\/\/kucukmenderesenerji.com.tr\/tr\/wp-json\/wp\/v2\/pages\/653\/revisions"}],"predecessor-version":[{"id":729,"href":"https:\/\/kucukmenderesenerji.com.tr\/tr\/wp-json\/wp\/v2\/pages\/653\/revisions\/729"}],"wp:attachment":[{"href":"https:\/\/kucukmenderesenerji.com.tr\/tr\/wp-json\/wp\/v2\/media?parent=653"}],"curies":[{"name":"wp","href":"https:\/\/api.w.org\/{rel}","templated":true}]}}